{"id":3,"date":"2024-01-29T10:03:30","date_gmt":"2024-01-29T10:03:30","guid":{"rendered":"http:\/\/www.agrisi.eu\/temp\/?page_id=3"},"modified":"2025-11-21T15:08:04","modified_gmt":"2025-11-21T15:08:04","slug":"privacy-policy","status":"publish","type":"page","link":"http:\/\/www.agrisi.eu\/temp\/privacy-policy\/","title":{"rendered":"Privacy Policy"},"content":{"rendered":"\n<h2 class=\"wp-block-heading\">Privacy Policy<\/h2>\n\n\n\n<p>Data di entrata in vigore: 21\/11\/2025, 16:07:16<\/p>\n\n\n\n<h2 class=\"wp-block-heading\">Introduzione &amp; informazioni sull&#8217;organizzazione<\/h2>\n\n\n\n<p>Noi di Agri Si s.r.l., i impegniamo a servire i nostri clienti e contatti al meglio delle nostre possibilit\u00e0. Parte del nostro impegno comporta la gestione responsabile delle informazioni personali raccolte attraverso i nostri siti web www.agrisi.eu, e le relative interazioni. I nostri obiettivi principali nell&#8217;elaborazione di queste informazioni sono:<\/p>\n\n\n\n<ul class=\"wp-block-list\">\n<li>Migliorare l&#8217;esperienza dell&#8217;utente sulla nostra piattaforma comprendendo le esigenze e le preferenze dei clienti.<\/li>\n\n\n\n<li>Fornire un&#8217;assistenza tempestiva e rispondere alle richieste di informazioni o di servizio.<\/li>\n\n\n\n<li>Migliorare i nostri prodotti e servizi per soddisfare le esigenze in continua evoluzione dei nostri utenti.<\/li>\n\n\n\n<li>Svolgere le operazioni commerciali necessarie, come la fatturazione e la gestione degli account.<\/li>\n<\/ul>\n\n\n\n<p>La nostra politica \u00e8 quella di trattare le informazioni personali con il massimo rispetto della privacy e della sicurezza. Aderiamo a tutte le normative e linee guida pertinenti per garantire che i dati che trattiamo siano protetti da accesso, divulgazione, alterazione e distruzione non autorizzati. Le nostre pratiche sono progettate per salvaguardare la riservatezza e l&#8217;integrit\u00e0 dei vostri dati personali, permettendoci al contempo di fornire i servizi di cui vi fidate.<\/p>\n\n\n\n<ul class=\"wp-block-list\">\n<li>Abbiamo un responsabile della protezione dei dati (DPO). In caso di domande o ulteriori informazioni sulle modalit\u00e0 di gestione dei dati personali, potete contattarci all&#8217;indirizzo info@agrisi.com.<\/li>\n<\/ul>\n\n\n\n<p>La vostra privacy \u00e8 la nostra priorit\u00e0. Ci impegniamo a trattare i vostri dati personali in modo trasparente e tenendo conto della vostra sicurezza. Questo impegno si estende anche alla collaborazione con servizi di terze parti che possono trattare i dati personali per nostro conto, come nel caso dell&#8217;invio delle fatture. Siate certi che tutte le attivit\u00e0 sono condotte in stretta conformit\u00e0 con le leggi sulla privacy applicabili..<\/p>\n\n\n\n<h3 class=\"wp-block-heading\">Ambito e applicazione<\/h3>\n\n\n\n<p>La nostra politica sulla privacy \u00e8 stata concepita per proteggere le informazioni personali di tutti i nostri interlocutori, compresi i visitatori del sito web, gli utenti registrati e i clienti. Sia che stiate semplicemente navigando sui nostri siti web www.agrisi.eu, sia che stiate utilizzando i nostri servizi come utenti registrati, sia che vi stiate impegnando con noi come clienti stimati, ci assicuriamo che i vostri dati personali siano trattati con i pi\u00f9 alti standard di privacy e sicurezza. La presente informativa illustra le nostre pratiche e i vostri diritti in materia di dati personali.<\/p>\n\n\n\n<h3 class=\"wp-block-heading\">Raccolta ed elaborazione dei dati<\/h3>\n\n\n\n<p>Il nostro impegno per la trasparenza e la protezione dei dati si estende al modo in cui raccogliamo e utilizziamo i vostri dati personali. Raccogliamo dati personali attraverso varie interazioni, tra cui, a titolo esemplificativo e non esaustivo, quando utilizzate i nostri servizi o prodotti come Servizi per le Aziende agricole, o ci fornite direttamente informazioni.<\/p>\n\n\n\n<p>Il seguente elenco illustra in dettaglio i tipi di dati personali che possiamo trattare:<\/p>\n\n\n\n<ul class=\"wp-block-list\">\n<li><strong>Nome e Cognome<\/strong><\/li>\n\n\n\n<li><strong>Informazioni sul browser e lingua<\/strong><\/li>\n\n\n\n<li><strong>Indirizzo IP<\/strong><\/li>\n\n\n\n<li><strong>Indirizzo email e\/o numero di telefono<\/strong><\/li>\n\n\n\n<li><strong>Indirizzo e Citt\u00e0<\/strong><\/li>\n<\/ul>\n\n\n\n<p>Si prega di notare che trattiamo solo le informazioni essenziali per la fornitura dei nostri servizi, per adempiere agli obblighi di legge o per migliorare l&#8217;esperienza dell&#8217;utente. La vostra privacy \u00e8 fondamentale e ci impegniamo a trattare le vostre informazioni personali in modo responsabile e in conformit\u00e0 a tutte le leggi vigenti.<\/p>\n\n\n\n<p>Noi di Agri Si s.r.l., crediamo nell&#8217;utilizzo delle informazioni personali in modo responsabile ed etico. I dati che raccogliamo hanno molteplici scopi, tutti volti a migliorare i servizi offerti e a garantire il massimo livello di soddisfazione dei nostri utenti, clienti e dipendenti. Ecco i modi principali in cui utilizziamo le informazioni personali raccolte:<\/p>\n\n\n\n<ul class=\"wp-block-list\">\n<li><strong>Assistenza clienti<\/strong><\/li>\n\n\n\n<li><strong>Analisi e monitoraggio delle performance<\/strong><\/li>\n<\/ul>\n\n\n\n<p>La vostra privacy \u00e8 la nostra priorit\u00e0. Trattiamo i vostri dati personali in modo trasparente e in conformit\u00e0 alle vostre preferenze e alle leggi sulla privacy applicabili. Ci impegniamo a garantire che i vostri dati siano utilizzati esclusivamente per gli scopi per cui sono stati raccolti e nei modi da voi autorizzati.<\/p>\n\n\n\n<h3 class=\"wp-block-heading\">Archiviazione e protezione dei dati<\/h3>\n\n\n\n<h4 class=\"wp-block-heading\">Archiviazione dei dati<\/h4>\n\n\n\n<ul class=\"wp-block-list\">\n<li>Le informazioni personali sono conservate su server sicuri situati in:IT. Per i servizi che richiedono il trasferimento internazionale dei dati, garantiamo che tali trasferimenti rispettino tutte le leggi applicabili e mantengano standard di protezione dei dati equivalenti a quelli della nostra sede principale.<\/li>\n\n\n\n<li>Partner di Hosting Dati: Collaboriamo con fornitori affidabili di servizi di hosting dati, impegnati a utilizzare misure di sicurezza all&#8217;avanguardia. Questi partner sono selezionati in base alla loro conformit\u00e0 a rigorosi standard di protezione dei dati.<\/li>\n<\/ul>\n\n\n\n<h4 class=\"wp-block-heading\">Misure di protezione dei dati:<\/h4>\n\n\n\n<ul class=\"wp-block-list\">\n<li><strong>Audit e monitoraggio della sicurezza:<\/strong>\u00a0Vengono condotti regolari controlli di sicurezza per identificare e correggere potenziali vulnerabilit\u00e0. Inoltre, monitoriamo i nostri sistemi alla ricerca di attivit\u00e0 insolite per prevenire accessi non autorizzati.<\/li>\n<\/ul>\n\n\n\n<h3 class=\"wp-block-heading\">Accordi sul trattamento dei dati:<\/h3>\n\n\n\n<p>Quando condividiamo i vostri dati con fornitori di servizi terzi, lo facciamo sotto la protezione di accordi sul trattamento dei dati (DPA) che garantiscono che le vostre informazioni siano gestite in conformit\u00e0 al GDPR e ad altre leggi pertinenti sulla protezione dei dati. Questi accordi prevedono che le terze parti implementino misure tecniche e organizzative adeguate per garantire la sicurezza dei vostri dati.<\/p>\n\n\n\n<h4 class=\"wp-block-heading\">Trasparenza e controllo:<\/h4>\n\n\n\n<p>Crediamo nella trasparenza e nel controllo dei vostri dati personali. Sarete sempre informati di qualsiasi modifica significativa alle nostre pratiche di condivisione e, ove applicabile, avrete la possibilit\u00e0 di acconsentire a tali modifiche.<\/p>\n\n\n\n<p>La vostra fiducia \u00e8 importante per noi e ci impegniamo a garantire che le vostre informazioni personali siano divulgate solo in conformit\u00e0 a questa politica e quando vi \u00e8 un motivo giustificato per farlo. Per qualsiasi domanda o dubbio sulle modalit\u00e0 di condivisione e divulgazione dei dati personali, contattateci all&#8217;indirizzo info@agrisi.com o +39 0758749724.<\/p>\n\n\n\n<h3 class=\"wp-block-heading\">Diritti e scelte dell&#8217;utente:<\/h3>\n\n\n\n<p>Noi di Agri Si s.r.l., conosciamo e rispettiamo i diritti dell&#8217;utente in merito ai suoi dati personali, in conformit\u00e0 al Regolamento generale sulla protezione dei dati (GDPR) e alle altre leggi applicabili in materia di protezione dei dati. Ci impegniamo a garantire che possiate esercitare efficacemente i vostri diritti. Di seguito viene fornita una panoramica dei vostri diritti e di come potete esercitarli:<\/p>\n\n\n\n<p>I Vostri Diritti:<\/p>\n\n\n\n<ul class=\"wp-block-list\">\n<li>Diritto di accesso (articolo 15 del GDPR): Avete il diritto di richiedere l&#8217;accesso alle informazioni personali in nostro possesso e di ottenere informazioni su come le trattiamo.<\/li>\n\n\n\n<li>Diritto di rettifica (articolo 16 del GDPR): Se ritenete che le informazioni personali in nostro possesso siano errate o incomplete, avete il diritto di richiederne la rettifica o il completamento.<\/li>\n\n\n\n<li>Diritto alla cancellazione (\u201cDiritto all&#8217;oblio\u201d) (articolo 17 del GDPR): L&#8217;utente ha il diritto di richiedere la cancellazione delle proprie informazioni personali quando non sono pi\u00f9 necessarie per gli scopi per cui sono state raccolte, tra le altre circostanze.<\/li>\n\n\n\n<li>Diritto alla limitazione del trattamento (articolo 18 del GDPR): L&#8217;utente ha il diritto di richiedere la limitazione del trattamento dei suoi dati personali in determinate condizioni.<\/li>\n\n\n\n<li>Diritto alla portabilit\u00e0 dei dati (articolo 20 del GDPR): Avete il diritto di ricevere i vostri dati personali in un formato strutturato, comunemente utilizzato e leggibile da una macchina e di trasmettere tali dati a un altro responsabile del trattamento.<\/li>\n\n\n\n<li>Diritto di opposizione (articolo 21 del GDPR): Avete il diritto di opporvi al trattamento dei vostri dati personali, a determinate condizioni, compreso il trattamento per il marketing diretto.<\/li>\n\n\n\n<li>Diritto di revocare il consenso (articolo 7, paragrafo 3, del GDPR): Qualora il trattamento dei vostri dati personali sia basato sul vostro consenso, avete il diritto di revocare tale consenso in qualsiasi momento senza pregiudicare la liceit\u00e0 del trattamento basato sul consenso prima della sua revoca.<\/li>\n\n\n\n<li>Diritto di presentare un reclamo (articolo 77 del GDPR): Avete il diritto di presentare un reclamo a un&#8217;autorit\u00e0 di vigilanza se ritenete che il trattamento dei vostri dati personali da parte nostra violi le leggi applicabili in materia di protezione dei dati.<\/li>\n<\/ul>\n\n\n\n<h4 class=\"wp-block-heading\">Esercitare i propri diritti:<\/h4>\n\n\n\n<p>Per esercitare uno qualsiasi di questi diritti, vi preghiamo di contattarci all&#8217;indirizzo info@agrisi.com. Risponderemo alla vostra richiesta in conformit\u00e0 alle leggi sulla protezione dei dati applicabili ed entro i termini stabiliti da tali leggi. Si prega di notare che, in alcuni casi, potrebbe essere necessario verificare l&#8217;identit\u00e0 dell&#8217;utente come parte del processo per garantire la sicurezza dei suoi dati personali.<\/p>\n\n\n\n<p>Ci impegniamo a facilitare l&#8217;esercizio dei vostri diritti e a garantirvi il pieno controllo delle vostre informazioni personali. Se avete domande o dubbi su come vengono gestite le vostre informazioni personali, non esitate a contattarci.<\/p>\n\n\n\n<h3 class=\"wp-block-heading\">Cookie e tecnologie di tracciamento:<\/h3>\n\n\n\n<p>Noi di Agri Si s.r.l.eniamo alla vostra privacy e ci impegniamo a essere trasparenti nell&#8217;uso dei cookie e di altre tecnologie di tracciamento sul nostro sito web www.agrisi.eu.Queste tecnologie svolgono un ruolo cruciale nel garantire il regolare funzionamento delle nostre piattaforme digitali, nel migliorare l&#8217;esperienza dell&#8217;utente e nel fornire informazioni che ci aiutano a migliorare.<\/p>\n\n\n\n<h4 class=\"wp-block-heading\">Informazioni sui cookie e sulle tecnologie di tracciamento:<\/h4>\n\n\n\n<p>I cookie sono piccoli file di dati collocati sul vostro dispositivo che ci permettono di ricordare le vostre preferenze e di raccogliere informazioni sull&#8217;utilizzo del sito web. Le tecnologie di tracciamento, come i web beacon e i pixel tag, ci aiutano a capire come interagite con il nostro sito e quali pagine visitate.<\/p>\n\n\n\n<h4 class=\"wp-block-heading\">Come utilizziamo queste tecnologie:<\/h4>\n\n\n\n<ul class=\"wp-block-list\">\n<li>Cookie essenziali: Necessari per la funzionalit\u00e0 del sito web, come l&#8217;autenticazione e la sicurezza. Non richiedono il consenso.<\/li>\n\n\n\n<li>Cookie di prestazione e di analisi: Raccolgono informazioni su come i visitatori utilizzano il nostro sito web, su quali pagine vengono visitate pi\u00f9 frequentemente e se vengono ricevuti messaggi di errore dalle pagine web. Questi cookie ci aiutano a migliorare il nostro sito web.<\/li>\n\n\n\n<li>Cookie funzionali: Consentono al sito web di fornire funzionalit\u00e0 e personalizzazioni avanzate, ad esempio ricordando le preferenze dell&#8217;utente.<\/li>\n\n\n\n<li>Cookie pubblicitari e di targeting: Utilizzati per fornire pubblicit\u00e0 pi\u00f9 pertinenti all&#8217;utente e ai suoi interessi. Vengono inoltre utilizzati per limitare il numero di volte in cui viene visualizzata una pubblicit\u00e0 e per misurare l&#8217;efficacia della campagna pubblicitaria.<\/li>\n<\/ul>\n\n\n\n<h4 class=\"wp-block-heading\">Scelte e consenso dell&#8217;utente:<\/h4>\n\n\n\n<p>Alla vostra prima visita, il nostro sito web vi presenter\u00e0 un banner di consenso ai cookie, dove potrete:<\/p>\n\n\n\n<ul class=\"wp-block-list\">\n<li>Accettare tutti i cookie: Acconsentire all&#8217;uso di tutti i cookie e delle tecnologie di tracciamento.<\/li>\n\n\n\n<li>Rifiutare i cookie non essenziali: Verranno utilizzati solo i cookie essenziali per fornire all&#8217;utente le funzioni necessarie del sito web.<\/li>\n\n\n\n<li>Personalizzare le preferenze: Scegliete le categorie di cookie che desiderate consentire.<\/li>\n<\/ul>\n\n\n\n<h4 class=\"wp-block-heading\">Modifiche al nostro utilizzo dei cookie:<\/h4>\n\n\n\n<p>Potremmo aggiornare il nostro utilizzo di cookie e tecnologie di tracciamento per migliorare i nostri servizi o conformarci ai requisiti legali. Vi informeremo di eventuali modifiche significative e chiederemo il vostro consenso, se necessario.<\/p>\n\n\n\n<p>Per informazioni pi\u00f9 dettagliate sui cookie che utilizziamo, sulle loro finalit\u00e0 e su come potete gestire le vostre preferenze, visitate la nostra dettagliata Informativa sui cookie http:\/\/www.agrisi.eu\/temp\/cookie-policy.<\/p>\n\n\n\n<p>In caso di domande o dubbi sull&#8217;uso dei cookie e delle tecnologie di tracciamento, non esitate a contattarci all&#8217;indirizzoinfo@agrisi.com or +39 0758749724.. La vostra privacy e l&#8217;integrit\u00e0 dei vostri dati personali sono di estrema importanza per noi.<\/p>\n","protected":false},"excerpt":{"rendered":"<p>Privacy Policy Data di entrata in vigore: 21\/11\/2025, 16:07:16 Introduzione &amp; informazioni sull&#8217;organizzazione Noi di Agri Si s.r.l., i impegniamo&#8230;<\/p>\n","protected":false},"author":1,"featured_media":0,"parent":0,"menu_order":0,"comment_status":"closed","ping_status":"open","template":"","meta":{"footnotes":""},"class_list":["post-3","page","type-page","status-publish"],"_links":{"self":[{"href":"http:\/\/www.agrisi.eu\/temp\/wp-json\/wp\/v2\/pages\/3","targetHints":{"allow":["GET"]}}],"collection":[{"href":"http:\/\/www.agrisi.eu\/temp\/wp-json\/wp\/v2\/pages"}],"about":[{"href":"http:\/\/www.agrisi.eu\/temp\/wp-json\/wp\/v2\/types\/page"}],"author":[{"embeddable":true,"href":"http:\/\/www.agrisi.eu\/temp\/wp-json\/wp\/v2\/users\/1"}],"replies":[{"embeddable":true,"href":"http:\/\/www.agrisi.eu\/temp\/wp-json\/wp\/v2\/comments?post=3"}],"version-history":[{"count":1,"href":"http:\/\/www.agrisi.eu\/temp\/wp-json\/wp\/v2\/pages\/3\/revisions"}],"predecessor-version":[{"id":1321,"href":"http:\/\/www.agrisi.eu\/temp\/wp-json\/wp\/v2\/pages\/3\/revisions\/1321"}],"wp:attachment":[{"href":"http:\/\/www.agrisi.eu\/temp\/wp-json\/wp\/v2\/media?parent=3"}],"curies":[{"name":"wp","href":"https:\/\/api.w.org\/{rel}","templated":true}]}}